{"id":109,"date":"2021-04-08T18:16:34","date_gmt":"2021-04-08T18:16:34","guid":{"rendered":"http:\/\/www.radio-otok-krk.hr\/wptmp\/?page_id=109"},"modified":"2026-01-14T14:22:57","modified_gmt":"2026-01-14T13:22:57","slug":"marketing","status":"publish","type":"page","link":"https:\/\/www.radio-otok-krk.hr\/wptmp\/marketing\/","title":{"rendered":"Marketing"},"content":{"rendered":"\t\t<div data-elementor-type=\"wp-page\" data-elementor-id=\"109\" class=\"elementor elementor-109\">\n\t\t\t\t\t\t<section class=\"elementor-section elementor-top-section elementor-element elementor-element-9e828fa elementor-section-boxed elementor-section-height-default elementor-section-height-default\" data-id=\"9e828fa\" data-element_type=\"section\" data-e-type=\"section\">\n\t\t\t\t\t\t<div class=\"elementor-container elementor-column-gap-default\">\n\t\t\t\t\t<div class=\"elementor-column elementor-col-100 elementor-top-column elementor-element elementor-element-a629717\" data-id=\"a629717\" data-element_type=\"column\" data-e-type=\"column\">\n\t\t\t<div class=\"elementor-widget-wrap elementor-element-populated\">\n\t\t\t\t\t\t<div class=\"elementor-element elementor-element-81f2c40 elementor-widget elementor-widget-text-editor\" data-id=\"81f2c40\" data-element_type=\"widget\" data-e-type=\"widget\" data-widget_type=\"text-editor.default\">\n\t\t\t\t<div class=\"elementor-widget-container\">\n\t\t\t\t\t\t\t\t\t<h3>Marketing Radija otok Krk nudi brza i povoljna rje\u0161enja ogla\u0161avanja.<\/h3><div>\u00a0<\/div><p>Odli\u010dna pokrivenost signalom i slu\u0161anost na podru\u010dju otoka Krka, Crikvenice, Novog Vinodolskog, Rijeke i okolice osiguravaju vrlo dobre rezultate ogla\u0161avanja.<\/p><p>Nudimo mogu\u0107nost snimanja reklama i \u010ditanih oglasa u na\u0161em studiju te profesionalnu produkciju radio spotova (glas + produkcija i efekti).<\/p><p>Obratite nam se s povjerenjem i promovirajte Va\u0161e proizvode i usluge putem Radija otok Krk.<\/p><p>\u00a0<\/p>\t\t\t\t\t\t\t\t<\/div>\n\t\t\t\t<\/div>\n\t\t\t\t<div class=\"elementor-element elementor-element-a34ca11 elementor-widget elementor-widget-heading\" data-id=\"a34ca11\" data-element_type=\"widget\" data-e-type=\"widget\" data-widget_type=\"heading.default\">\n\t\t\t\t<div class=\"elementor-widget-container\">\n\t\t\t\t\t<h2 class=\"elementor-heading-title elementor-size-default\">CJENIK MARKETIN\u0160KIH USLUGA \n<br><\/h2>\t\t\t\t<\/div>\n\t\t\t\t<\/div>\n\t\t\t\t<div class=\"elementor-element elementor-element-05c0dee elementor-widget elementor-widget-html\" data-id=\"05c0dee\" data-element_type=\"widget\" data-e-type=\"widget\" data-widget_type=\"html.default\">\n\t\t\t\t<div class=\"elementor-widget-container\">\n\t\t\t\t\t<h3>EMITIRANJE REKLAMNIH SPOTOVA<\/h3>\r\n<ul class=\"cjenik\">\r\n \t<li><span>10 sec<\/span> <span>6,00 \u20ac<\/span><\/li>\r\n \t<li><span>15 sec<\/span> <span>7,00 \u20ac<\/span><\/li>\r\n\t<li><span>20 sec<\/span> <span>8,00 \u20ac<\/span><\/li>\r\n\t<li><span>25 sec<\/span> <span>9,00 \u20ac<\/span><\/li>\r\n\t<li><span>30 sec<\/span> <span>10,00 \u20ac<\/span><\/li>\r\n\t<li><span>40 sec<\/span> <span>12,00 \u20ac<\/span><\/li>\r\n\t<li><span>50 sec<\/span> <span>14,00 \u20ac<\/span><\/li>\r\n\t<li><span>60 sec<\/span> <span>16,00 \u20ac<\/span><\/li>\r\n<\/ul>\t\t\t\t<\/div>\n\t\t\t\t<\/div>\n\t\t\t\t\t<\/div>\n\t\t<\/div>\n\t\t\t\t\t<\/div>\n\t\t<\/section>\n\t\t\t\t<section class=\"elementor-section elementor-top-section elementor-element elementor-element-c1822b1 elementor-section-boxed elementor-section-height-default elementor-section-height-default\" data-id=\"c1822b1\" data-element_type=\"section\" data-e-type=\"section\">\n\t\t\t\t\t\t<div class=\"elementor-container elementor-column-gap-default\">\n\t\t\t\t\t<div class=\"elementor-column elementor-col-100 elementor-top-column elementor-element elementor-element-17df35c\" data-id=\"17df35c\" data-element_type=\"column\" data-e-type=\"column\">\n\t\t\t<div class=\"elementor-widget-wrap elementor-element-populated\">\n\t\t\t\t\t\t<div class=\"elementor-element elementor-element-95139e8 elementor-widget elementor-widget-html\" data-id=\"95139e8\" data-element_type=\"widget\" data-e-type=\"widget\" data-widget_type=\"html.default\">\n\t\t\t\t<div class=\"elementor-widget-container\">\n\t\t\t\t\t<h3>POPUST ZA VE\u0106I BROJ EMITIRANJA I AVANSNU UPLATU<\/h3>\r\n<ul class=\"cjenik\">\r\n \t<li><span>Popust za avans<\/span> <span>5%<\/span><\/li>\r\n\t<li><span>Agencijski popust<\/span> <span>20%<\/span><\/li>\r\n\t<li><span>30 emitiranja u kontinuitetu<\/span> <span>5%<\/span><\/li>\r\n\t<li><span>60 emitiranja u kontinuitetu<\/span> <span>10%<\/span><\/li>\r\n\t<li><span>90 emitiranja u kontinuitetu<\/span> <span>15%<\/span><\/li>\r\n\t<li><span>120 emitiranja u kontinuitetu<\/span> <span>20%<\/span><\/li>\r\n\t<li><span>150 emitiranja u kontinuitetu<\/span> <span>25%<\/span><\/li>\r\n<\/ul>\t\t\t\t<\/div>\n\t\t\t\t<\/div>\n\t\t\t\t<div class=\"elementor-element elementor-element-4d0c34e elementor-widget elementor-widget-text-editor\" data-id=\"4d0c34e\" data-element_type=\"widget\" data-e-type=\"widget\" data-widget_type=\"text-editor.default\">\n\t\t\t\t<div class=\"elementor-widget-container\">\n\t\t\t\t\t\t\t\t\t<p><span style=\"color: var( --e-global-color-text ); font-family: var( --e-global-typography-text-font-family ), Sans-serif; font-weight: var( --e-global-typography-text-font-weight ); font-size: 1em; letter-spacing: 0em;\">\u00a0<\/span><\/p><p><span style=\"color: var( --e-global-color-text ); font-family: var( --e-global-typography-text-font-family ), Sans-serif; font-weight: var( --e-global-typography-text-font-weight ); font-size: 1em; letter-spacing: 0em;\">Za vi\u0161e od 200 emitiranja u kontinuitetu dogovara se poseban popust.<\/span><\/p><p>POSEBNE POPUSTE REALIZIRAMO PREMA DOGOVORU!<\/p>\t\t\t\t\t\t\t\t<\/div>\n\t\t\t\t<\/div>\n\t\t\t\t<div class=\"elementor-element elementor-element-0030310 elementor-widget elementor-widget-html\" data-id=\"0030310\" data-element_type=\"widget\" data-e-type=\"widget\" data-widget_type=\"html.default\">\n\t\t\t\t<div class=\"elementor-widget-container\">\n\t\t\t\t\t<h3>PROMID\u017dBENE EMISIJE<\/h3>\r\n<ul class=\"cjenik\">\r\n \t<li><span>5 minuta<\/span> <span>60,00 \u20ac<\/span><\/li>\r\n\t<li><span>10 minuta<\/span> <span>80,00 \u20ac<\/span><\/li>\r\n\t<li><span>15 minuta<\/span> <span>110,00 \u20ac<\/span><\/li>\r\n\t<li><span>20 minuta<\/span> <span>140,00 \u20ac<\/span><\/li>\r\n\t<li><span>30 minuta<\/span> <span>160,00 \u20ac<\/span><\/li>\r\n<\/ul>\t\t\t\t<\/div>\n\t\t\t\t<\/div>\n\t\t\t\t<div class=\"elementor-element elementor-element-756124c elementor-widget elementor-widget-html\" data-id=\"756124c\" data-element_type=\"widget\" data-e-type=\"widget\" data-widget_type=\"html.default\">\n\t\t\t\t<div class=\"elementor-widget-container\">\n\t\t\t\t\t<h3>SNIMANJE PROMID\u017dBENIH SPOTOVA<\/h3>\r\n<ul class=\"cjenik\">\r\n \t<li><span>Snimanje i monta\u017ea promid\u017ebenog spota (studio Radio otok Krk) <\/span>  <span>20,00 \u20ac<\/span><\/li>\r\n\r\n<\/ul>\t\t\t\t<\/div>\n\t\t\t\t<\/div>\n\t\t\t\t<div class=\"elementor-element elementor-element-b1b385e elementor-widget elementor-widget-text-editor\" data-id=\"b1b385e\" data-element_type=\"widget\" data-e-type=\"widget\" data-widget_type=\"text-editor.default\">\n\t\t\t\t<div class=\"elementor-widget-container\">\n\t\t\t\t\t\t\t\t\t<h4><strong style=\"color: var( --e-global-color-text ); font-size: 1em;\">\u00a0<\/strong><\/h4><h4><strong style=\"color: var( --e-global-color-text ); font-size: 1em;\">NA SVE CIJENE OBRA\u010cUNAVA SE PDV !!!<\/strong><\/h4><p>\u00a0<\/p><p><strong>Marketing<\/strong>: 091 591 5814<\/p><p><strong>E-mail<\/strong>: <a href=\"mailto:marketing.radiootokkrk@gmail.com\">marketing.radiootokkrk@gmail.com<\/a><\/p><p><strong>\u00a0<\/strong><\/p>\t\t\t\t\t\t\t\t<\/div>\n\t\t\t\t<\/div>\n\t\t\t\t\t<\/div>\n\t\t<\/div>\n\t\t\t\t\t<\/div>\n\t\t<\/section>\n\t\t\t\t<\/div>\n\t\t","protected":false},"excerpt":{"rendered":"<p>Marketing Radija otok Krk nudi brza i povoljna rje\u0161enja ogla\u0161avanja. \u00a0 Odli\u010dna pokrivenost signalom i slu\u0161anost na podru\u010dju otoka Krka, Crikvenice, Novog Vinodolskog, Rijeke i okolice osiguravaju vrlo dobre rezultate ogla\u0161avanja. Nudimo mogu\u0107nost snimanja reklama i \u010ditanih oglasa u na\u0161em studiju te profesionalnu produkciju radio spotova (glas + produkcija i ...<\/p>\n","protected":false},"author":3,"featured_media":0,"parent":0,"menu_order":0,"comment_status":"closed","ping_status":"closed","template":"page-no-sidebar.php","meta":{"footnotes":""},"class_list":["post-109","page","type-page","status-publish","hentry"],"_links":{"self":[{"href":"https:\/\/www.radio-otok-krk.hr\/wptmp\/wp-json\/wp\/v2\/pages\/109","targetHints":{"allow":["GET"]}}],"collection":[{"href":"https:\/\/www.radio-otok-krk.hr\/wptmp\/wp-json\/wp\/v2\/pages"}],"about":[{"href":"https:\/\/www.radio-otok-krk.hr\/wptmp\/wp-json\/wp\/v2\/types\/page"}],"author":[{"embeddable":true,"href":"https:\/\/www.radio-otok-krk.hr\/wptmp\/wp-json\/wp\/v2\/users\/3"}],"replies":[{"embeddable":true,"href":"https:\/\/www.radio-otok-krk.hr\/wptmp\/wp-json\/wp\/v2\/comments?post=109"}],"version-history":[{"count":43,"href":"https:\/\/www.radio-otok-krk.hr\/wptmp\/wp-json\/wp\/v2\/pages\/109\/revisions"}],"predecessor-version":[{"id":1191,"href":"https:\/\/www.radio-otok-krk.hr\/wptmp\/wp-json\/wp\/v2\/pages\/109\/revisions\/1191"}],"wp:attachment":[{"href":"https:\/\/www.radio-otok-krk.hr\/wptmp\/wp-json\/wp\/v2\/media?parent=109"}],"curies":[{"name":"wp","href":"https:\/\/api.w.org\/{rel}","templated":true}]}}