{"id":115,"date":"2021-04-08T18:19:44","date_gmt":"2021-04-08T18:19:44","guid":{"rendered":"http:\/\/www.radio-otok-krk.hr\/wptmp\/?page_id=115"},"modified":"2022-02-08T20:28:02","modified_gmt":"2022-02-08T20:28:02","slug":"o-nama","status":"publish","type":"page","link":"https:\/\/www.radio-otok-krk.hr\/wptmp\/o-nama\/","title":{"rendered":"O nama"},"content":{"rendered":"\t\t<div data-elementor-type=\"wp-page\" data-elementor-id=\"115\" class=\"elementor elementor-115\">\n\t\t\t\t\t\t<section class=\"elementor-section elementor-top-section elementor-element elementor-element-e4bdd5b elementor-section-boxed elementor-section-height-default elementor-section-height-default\" data-id=\"e4bdd5b\" data-element_type=\"section\" data-e-type=\"section\">\n\t\t\t\t\t\t<div class=\"elementor-container elementor-column-gap-default\">\n\t\t\t\t\t<div class=\"elementor-column elementor-col-100 elementor-top-column elementor-element elementor-element-f8e71cc\" data-id=\"f8e71cc\" data-element_type=\"column\" data-e-type=\"column\">\n\t\t\t<div class=\"elementor-widget-wrap elementor-element-populated\">\n\t\t\t\t\t\t<div class=\"elementor-element elementor-element-9092971 elementor-widget elementor-widget-text-editor\" data-id=\"9092971\" data-element_type=\"widget\" data-e-type=\"widget\" data-widget_type=\"text-editor.default\">\n\t\t\t\t<div class=\"elementor-widget-container\">\n\t\t\t\t\t\t\t\t\t<p>Radio otok Krk zapo\u010deo je s radom\u00a0 u kolovozu 1997. godine, a ve\u0107 dugi niz godina emitira vlastiti 24-satni program te se mo\u017ee pohvaliti s \u010dinjenicom da je sve slu\u0161aniji radio na podru\u010dju otoka Krka, Crikvenice, Rijeke i okolice. Program je baziran na lokalnom informativnom programu, ali i informacijama iz cijele Primorsko-goranske \u017eupanije. Osim informativnog programa, u programskoj osnovi zastupljen je kulturno-povijesni, sportski i vjerski program.<\/p><p>Radio otok Krk dostupan je na frekvencijama 89,2 MHz, 96,0 MHz, 96,3 MHz te putem live streaminga.<\/p>\t\t\t\t\t\t\t\t<\/div>\n\t\t\t\t<\/div>\n\t\t\t\t\t<\/div>\n\t\t<\/div>\n\t\t\t\t\t<\/div>\n\t\t<\/section>\n\t\t\t\t<\/div>\n\t\t","protected":false},"excerpt":{"rendered":"<p>Radio otok Krk zapo\u010deo je s radom\u00a0 u kolovozu 1997. godine, a ve\u0107 dugi niz godina emitira vlastiti 24-satni program te se mo\u017ee pohvaliti s \u010dinjenicom da je sve slu\u0161aniji radio na podru\u010dju otoka Krka, Crikvenice, Rijeke i okolice. Program je baziran na lokalnom informativnom programu, ali i informacijama iz ...<\/p>\n","protected":false},"author":3,"featured_media":0,"parent":0,"menu_order":0,"comment_status":"closed","ping_status":"closed","template":"","meta":{"footnotes":""},"class_list":["post-115","page","type-page","status-publish","hentry"],"_links":{"self":[{"href":"https:\/\/www.radio-otok-krk.hr\/wptmp\/wp-json\/wp\/v2\/pages\/115","targetHints":{"allow":["GET"]}}],"collection":[{"href":"https:\/\/www.radio-otok-krk.hr\/wptmp\/wp-json\/wp\/v2\/pages"}],"about":[{"href":"https:\/\/www.radio-otok-krk.hr\/wptmp\/wp-json\/wp\/v2\/types\/page"}],"author":[{"embeddable":true,"href":"https:\/\/www.radio-otok-krk.hr\/wptmp\/wp-json\/wp\/v2\/users\/3"}],"replies":[{"embeddable":true,"href":"https:\/\/www.radio-otok-krk.hr\/wptmp\/wp-json\/wp\/v2\/comments?post=115"}],"version-history":[{"count":16,"href":"https:\/\/www.radio-otok-krk.hr\/wptmp\/wp-json\/wp\/v2\/pages\/115\/revisions"}],"predecessor-version":[{"id":389,"href":"https:\/\/www.radio-otok-krk.hr\/wptmp\/wp-json\/wp\/v2\/pages\/115\/revisions\/389"}],"wp:attachment":[{"href":"https:\/\/www.radio-otok-krk.hr\/wptmp\/wp-json\/wp\/v2\/media?parent=115"}],"curies":[{"name":"wp","href":"https:\/\/api.w.org\/{rel}","templated":true}]}}