{"id":228,"date":"2022-02-05T10:43:15","date_gmt":"2022-02-05T10:43:15","guid":{"rendered":"https:\/\/www.radio-otok-krk.hr\/wptmp\/?page_id=228"},"modified":"2026-04-22T09:50:09","modified_gmt":"2026-04-22T08:50:09","slug":"skupstina","status":"publish","type":"page","link":"https:\/\/www.radio-otok-krk.hr\/wptmp\/skupstina\/","title":{"rendered":"Skup\u0161tina"},"content":{"rendered":"\t\t<div data-elementor-type=\"wp-page\" data-elementor-id=\"228\" class=\"elementor elementor-228\">\n\t\t\t\t\t\t<section class=\"elementor-section elementor-top-section elementor-element elementor-element-4abbbb75 elementor-section-boxed elementor-section-height-default elementor-section-height-default\" data-id=\"4abbbb75\" data-element_type=\"section\" data-e-type=\"section\">\n\t\t\t\t\t\t<div class=\"elementor-container elementor-column-gap-default\">\n\t\t\t\t\t<div class=\"elementor-column elementor-col-100 elementor-top-column elementor-element elementor-element-3e2c7713\" data-id=\"3e2c7713\" data-element_type=\"column\" data-e-type=\"column\">\n\t\t\t<div class=\"elementor-widget-wrap elementor-element-populated\">\n\t\t\t\t\t\t<div class=\"elementor-element elementor-element-7d9f4929 elementor-widget elementor-widget-text-editor\" data-id=\"7d9f4929\" data-element_type=\"widget\" data-e-type=\"widget\" data-widget_type=\"text-editor.default\">\n\t\t\t\t<div class=\"elementor-widget-container\">\n\t\t\t\t\t\t\t\t\tSkup\u0161tina Radija otok Krk saziva se najmanje dva puta godi\u0161nje, a obavezno po isteku poslovne godine. Po potrebi, Skup\u0161tina se saziva vi\u0161e puta godi\u0161nje, ovisno o planovima i tijeku poslovanja.\r\n\r\nSkup\u0161tinu \u010dine predstavnici Dru\u0161tava u vlasni\u010dkoj strukturi Radija otok Krk, a Skup\u0161tinu saziva direktor Radija.\r\n\r\nOdluke, zaklju\u010dke, zapisnike i sve ostale informacije vezano za rad Skup\u0161tine i poslovanje Radija otok Krk objavljuju se na mre\u017enoj stranici, sukladno odredbama Zakona o pravu na pristup informacijama.\r\n<h3>Javnost rada<\/h3>\r\nTijela javne vlasti su du\u017ena osigurati javnost rada na na\u010din da javnost informiraju o odr\u017eavanju sjednica i vremenu njihova odr\u017eavanja te broju osoba kojima se mo\u017ee istodobno osigurati neposredan uvid u rad tijela javne vlasti pri \u010demu se mora voditi ra\u010duna o redoslijedu prijavljivanja.\r\n\r\nZainteresirane fizi\u010dke i pravne osobe koje nisu pozvane na sjednicu, imaju pravo prisustvovati Skup\u0161tini Radija otok Krk pod uvjetom:\r\n<ul>\r\n \t<li>da svoj dolazak najave elektroni\u010dkom po\u0161tom: radio-otok-krk@inet.hr, najkasnije 2 dana prije odr\u017eavanja Skup\u0161tine. Uz prijavu za sudjelovanje dostavlja se adresa i broj ku\u0107nog ili mobilnog telefona, radi dostave obavijesti o mogu\u0107nosti sudjelovanja na Skup\u0161tini;<\/li>\r\n \t<li>ukupan broj nazo\u010dnih gra\u0111ana i predstavnika fizi\u010dkih i pravnih osoba utvr\u0111uje predsjednik Skup\u0161tine ovisno o prostornim i tehni\u010dkim mogu\u0107nostima prostora u kojem se Skup\u0161tina odr\u017eava. Pravo prvenstva za sudjelovanje na sjednici utvr\u0111uje se prema vremenu prijavljivanja. Tijela javne vlasti nisu du\u017ena osigurati neposredan uvid u svoj rad kada se radi o pitanjima u kojima se po zakonu javnost mora isklju\u010diti, odnosno ako se radi o informacijama za koje postoje ograni\u010denja prava na pristup prema odredbama Zakona.<\/li>\r\n<\/ul>\t\t\t\t\t\t\t\t<\/div>\n\t\t\t\t<\/div>\n\t\t\t\t<div class=\"elementor-element elementor-element-44453ac elementor-widget elementor-widget-toggle\" data-id=\"44453ac\" data-element_type=\"widget\" data-e-type=\"widget\" data-widget_type=\"toggle.default\">\n\t\t\t\t<div class=\"elementor-widget-container\">\n\t\t\t\t\t\t\t<div class=\"elementor-toggle\">\n\t\t\t\t\t\t\t<div class=\"elementor-toggle-item\">\n\t\t\t\t\t<div id=\"elementor-tab-title-7151\" class=\"elementor-tab-title\" data-tab=\"1\" role=\"button\" aria-controls=\"elementor-tab-content-7151\" aria-expanded=\"false\">\n\t\t\t\t\t\t\t\t\t\t\t\t<span class=\"elementor-toggle-icon elementor-toggle-icon-left\" aria-hidden=\"true\">\n\t\t\t\t\t\t\t\t\t\t\t\t\t\t\t<span class=\"elementor-toggle-icon-closed\"><i class=\"fas fa-caret-right\"><\/i><\/span>\n\t\t\t\t\t\t\t\t<span class=\"elementor-toggle-icon-opened\"><i class=\"elementor-toggle-icon-opened fas fa-caret-up\"><\/i><\/span>\n\t\t\t\t\t\t\t\t\t\t\t\t\t<\/span>\n\t\t\t\t\t\t\t\t\t\t\t\t<a class=\"elementor-toggle-title\" tabindex=\"0\">2026.<\/a>\n\t\t\t\t\t<\/div>\n\n\t\t\t\t\t<div id=\"elementor-tab-content-7151\" class=\"elementor-tab-content elementor-clearfix\" data-tab=\"1\" role=\"region\" aria-labelledby=\"elementor-tab-title-7151\"><ul><li><a href=\"https:\/\/www.radio-otok-krk.hr\/wptmp\/wp-content\/uploads\/2022\/02\/ODLUKA-o-raspodjeli-dobiti-iz-2025.pdf\">ODLUKA &#8211; o raspodjeli dobiti iz 2025. godine<\/a><\/li><li><a href=\"https:\/\/www.radio-otok-krk.hr\/wptmp\/wp-content\/uploads\/2022\/02\/ODLUKA-o-utvrdivanju-godisnjeg-financijskog-izvjestaja-za-2025.-godinu.pdf\">ODLUKA &#8211; o utvr\u0111ivanju godi\u0161njeg financijskog izvje\u0161taja za 2025. godinu<\/a><\/li><li><a href=\"https:\/\/www.radio-otok-krk.hr\/wptmp\/wp-content\/uploads\/2022\/02\/SKUPSTINA-Zapisnik-23.10.2025.pdf\">Zapisnik 23.10.2025.<\/a><\/li><li><a href=\"https:\/\/www.radio-otok-krk.hr\/wptmp\/wp-content\/uploads\/2022\/02\/ODLUKA-verifikacija-Zapisnika-23.10.2025.pdf\">ODLUKA &#8211; verifikacija Zapisnika 23.10.2025.<\/a><\/li><li><a href=\"https:\/\/www.radio-otok-krk.hr\/wptmp\/wp-content\/uploads\/2022\/02\/SKUPSTINA-Poziv-17.04.2026.pdf\">Skup\u0161tina &#8211; Poziv 17.04.2026<\/a><\/li><\/ul><\/div>\n\t\t\t\t<\/div>\n\t\t\t\t\t\t\t<div class=\"elementor-toggle-item\">\n\t\t\t\t\t<div id=\"elementor-tab-title-7152\" class=\"elementor-tab-title\" data-tab=\"2\" role=\"button\" aria-controls=\"elementor-tab-content-7152\" aria-expanded=\"false\">\n\t\t\t\t\t\t\t\t\t\t\t\t<span class=\"elementor-toggle-icon elementor-toggle-icon-left\" aria-hidden=\"true\">\n\t\t\t\t\t\t\t\t\t\t\t\t\t\t\t<span class=\"elementor-toggle-icon-closed\"><i class=\"fas fa-caret-right\"><\/i><\/span>\n\t\t\t\t\t\t\t\t<span class=\"elementor-toggle-icon-opened\"><i class=\"elementor-toggle-icon-opened fas fa-caret-up\"><\/i><\/span>\n\t\t\t\t\t\t\t\t\t\t\t\t\t<\/span>\n\t\t\t\t\t\t\t\t\t\t\t\t<a class=\"elementor-toggle-title\" tabindex=\"0\">2025.<\/a>\n\t\t\t\t\t<\/div>\n\n\t\t\t\t\t<div id=\"elementor-tab-content-7152\" class=\"elementor-tab-content elementor-clearfix\" data-tab=\"2\" role=\"region\" aria-labelledby=\"elementor-tab-title-7152\"><ul><li><a href=\"https:\/\/www.radio-otok-krk.hr\/wptmp\/wp-content\/uploads\/2022\/02\/ODLUKA-Predsjednik-Skupstine-2026.pdf\">ODLUKA &#8211; predsjednik Skup\u0161tine 2026<\/a><\/li><li><a href=\"https:\/\/www.radio-otok-krk.hr\/wptmp\/wp-content\/uploads\/2022\/02\/ODLUKA-Placa-direktor.pdf\">ODLUKA &#8211; pla\u0107a direktor<\/a><\/li><li><a href=\"https:\/\/www.radio-otok-krk.hr\/wptmp\/wp-content\/uploads\/2022\/02\/ODLUKA-Placa-djelatnici.pdf\">ODLUKA &#8211; pla\u0107a djelatnici<\/a><\/li><li><a href=\"https:\/\/www.radio-otok-krk.hr\/wptmp\/wp-content\/uploads\/2022\/02\/ODLUKA-Financijski-plan-2026.pdf\">ODLUKA &#8211; Financijski plan 2026.<\/a><\/li><li><a href=\"https:\/\/www.radio-otok-krk.hr\/wptmp\/wp-content\/uploads\/2022\/02\/ODLUKA-Verifikacija-Zapisnika-23.04.2025.pdf\">ODLUKA &#8211; verifikacija zapisnika od 23.04.2025.<\/a><\/li><li><a href=\"https:\/\/www.radio-otok-krk.hr\/wptmp\/wp-content\/uploads\/2022\/02\/SKUPSTINA-Zapisnik-23.04.2025.pdf\">Zapisnik 23.04.2025.<\/a><\/li><li><a href=\"https:\/\/www.radio-otok-krk.hr\/wptmp\/wp-content\/uploads\/2022\/02\/SKUPSTINA-Poziv-23.10.2025.pdf\">SKUP\u0160TINA &#8211; Poziv 23.10.2025<\/a><\/li><li><a href=\"https:\/\/www.radio-otok-krk.hr\/wptmp\/wp-content\/uploads\/2022\/02\/ODLUKA-o-raspodjeli-dobiti-2024.-godine.pdf\">ODLUKA &#8211; o raspodjeli dobiti iz 2024. godine<\/a><\/li><li><a href=\"https:\/\/www.radio-otok-krk.hr\/wptmp\/wp-content\/uploads\/2022\/02\/ODLUKA-o-utvrdivanju-godisnjeg-financijskog-izvjestaja-za-202.pdf\">ODLUKA &#8211; o utvr\u0111ivanju godi\u0161njeg financijskog izvje\u0161taja za 2024.<\/a><\/li><li><a href=\"https:\/\/www.radio-otok-krk.hr\/wptmp\/wp-content\/uploads\/2022\/02\/ODLUKA-verifikacija-zapisnika-09.10.2024.pdf\">ODLUKA &#8211; verifikacija zapisnika 09.10.2024.<\/a><\/li><li><a href=\"https:\/\/www.radio-otok-krk.hr\/wptmp\/wp-content\/uploads\/2022\/02\/SKUPSTINA-Zapisnik-09.10.2024.pdf\">SKUP\u0160TINA &#8211; Zapisnik 09.10.2024.<\/a><\/li><li><a href=\"https:\/\/www.radio-otok-krk.hr\/wptmp\/wp-content\/uploads\/2022\/02\/SKUPSTINA-Poziv-23.04.2025.pdf\">SKUP\u0160TINA &#8211; Poziv 23.04.2025.<\/a><\/li><\/ul><\/div>\n\t\t\t\t<\/div>\n\t\t\t\t\t\t\t<div class=\"elementor-toggle-item\">\n\t\t\t\t\t<div id=\"elementor-tab-title-7153\" class=\"elementor-tab-title\" data-tab=\"3\" role=\"button\" aria-controls=\"elementor-tab-content-7153\" aria-expanded=\"false\">\n\t\t\t\t\t\t\t\t\t\t\t\t<span class=\"elementor-toggle-icon elementor-toggle-icon-left\" aria-hidden=\"true\">\n\t\t\t\t\t\t\t\t\t\t\t\t\t\t\t<span class=\"elementor-toggle-icon-closed\"><i class=\"fas fa-caret-right\"><\/i><\/span>\n\t\t\t\t\t\t\t\t<span class=\"elementor-toggle-icon-opened\"><i class=\"elementor-toggle-icon-opened fas fa-caret-up\"><\/i><\/span>\n\t\t\t\t\t\t\t\t\t\t\t\t\t<\/span>\n\t\t\t\t\t\t\t\t\t\t\t\t<a class=\"elementor-toggle-title\" tabindex=\"0\">2024.<\/a>\n\t\t\t\t\t<\/div>\n\n\t\t\t\t\t<div id=\"elementor-tab-content-7153\" class=\"elementor-tab-content elementor-clearfix\" data-tab=\"3\" role=\"region\" aria-labelledby=\"elementor-tab-title-7153\"><ul><li>\u00a0<\/li><li><a href=\"https:\/\/www.radio-otok-krk.hr\/wptmp\/wp-content\/uploads\/2022\/02\/ODLUKA-Predsjednik-Skupstine-2025.pdf\">ODLUKA &#8211; predsjednik Skup\u0161tine 2025.<\/a><\/li><li><a href=\"https:\/\/www.radio-otok-krk.hr\/wptmp\/wp-content\/uploads\/2022\/02\/ODLUKA-Financijski-plan-2025.pdf\">ODLUKA &#8211; financijski plan 2025<\/a><\/li><li><a href=\"https:\/\/www.radio-otok-krk.hr\/wptmp\/wp-content\/uploads\/2022\/02\/Odluka-o-uskladenju-temeljnog-kapitala-Radio-OK-d.o.o.pdf\">ODLUKA &#8211; o uskla\u0111enju temeljnog kapitala<\/a><\/li><li><a href=\"https:\/\/www.radio-otok-krk.hr\/wptmp\/wp-content\/uploads\/2022\/02\/ODLUKA-Verifikacija-Zapisnika-27.03.2024.pdf\">ODLUKA &#8211; verifikacija Zapisnika 27.03.2024.<\/a><\/li><li><a href=\"https:\/\/www.radio-otok-krk.hr\/wptmp\/wp-content\/uploads\/2022\/02\/SKUPSTINA-Zapisnik-27.03.2024.pdf\">Zapisnik 27.03.2024.<\/a><\/li><li><a href=\"https:\/\/www.radio-otok-krk.hr\/wptmp\/wp-content\/uploads\/2022\/02\/SKUPSTINA-Poziv-09.10.2024.pdf\">SKUP\u0160TINA &#8211; Poziv 09.10.2024.<\/a><\/li><li><a href=\"https:\/\/www.radio-otok-krk.hr\/wptmp\/wp-content\/uploads\/2022\/02\/ODLUKA-Imenovanje-direktora-za-razdoblje-2024-2028.pdf\">ODLUKA &#8211; imenovanje direktora za razdoblje 2024. &#8211; 2028.<\/a><\/li><li><a href=\"https:\/\/www.radio-otok-krk.hr\/wptmp\/wp-content\/uploads\/2022\/02\/ODLUKA-o-raspodjeli-dobiti-iz-2023-godine.pdf\">ODLUKA &#8211; o raspodjeli dobiti iz 2023. godine<\/a><\/li><li><a href=\"https:\/\/www.radio-otok-krk.hr\/wptmp\/wp-content\/uploads\/2022\/02\/ODLUKA-o-utvrdivanju-financijskog-izvjestaja-za-2023-godinu.pdf\">ODLUKA &#8211; o utvr\u0111ivanju financijskog izvje\u0161taja za 2023<\/a><\/li><li><a href=\"https:\/\/www.radio-otok-krk.hr\/wptmp\/wp-content\/uploads\/2022\/02\/ODLUKA-verifikacija-Zapisnika-od-05.12.2023.pdf\">ODLUKA &#8211; verifikacija Zapisnika 05.12.2023.<\/a><\/li><li><a href=\"https:\/\/www.radio-otok-krk.hr\/wptmp\/wp-content\/uploads\/2022\/02\/SKUPSTINA-Zapisnik-05.12.2023.pdf\">Zapisnik 05.12.2023.<\/a><\/li><li><a href=\"https:\/\/www.radio-otok-krk.hr\/wptmp\/wp-content\/uploads\/2022\/02\/SKUPSTINA-Poziv-27.03.2024.pdf\">SKUP\u0160TINA &#8211; Poziv 27.03.2024<\/a><\/li><\/ul><\/div>\n\t\t\t\t<\/div>\n\t\t\t\t\t\t\t<div class=\"elementor-toggle-item\">\n\t\t\t\t\t<div id=\"elementor-tab-title-7154\" class=\"elementor-tab-title\" data-tab=\"4\" role=\"button\" aria-controls=\"elementor-tab-content-7154\" aria-expanded=\"false\">\n\t\t\t\t\t\t\t\t\t\t\t\t<span class=\"elementor-toggle-icon elementor-toggle-icon-left\" aria-hidden=\"true\">\n\t\t\t\t\t\t\t\t\t\t\t\t\t\t\t<span class=\"elementor-toggle-icon-closed\"><i class=\"fas fa-caret-right\"><\/i><\/span>\n\t\t\t\t\t\t\t\t<span class=\"elementor-toggle-icon-opened\"><i class=\"elementor-toggle-icon-opened fas fa-caret-up\"><\/i><\/span>\n\t\t\t\t\t\t\t\t\t\t\t\t\t<\/span>\n\t\t\t\t\t\t\t\t\t\t\t\t<a class=\"elementor-toggle-title\" tabindex=\"0\">2023.<\/a>\n\t\t\t\t\t<\/div>\n\n\t\t\t\t\t<div id=\"elementor-tab-content-7154\" class=\"elementor-tab-content elementor-clearfix\" data-tab=\"4\" role=\"region\" aria-labelledby=\"elementor-tab-title-7154\"><ul><li>\u00a0<\/li><li><a href=\"https:\/\/www.radio-otok-krk.hr\/wptmp\/wp-content\/uploads\/2022\/02\/ODLUKA-predsjednik-Skupstine.pdf\">ODLUKA &#8211; predsjednik Skup\u0161tine<\/a><\/li><li><a href=\"https:\/\/www.radio-otok-krk.hr\/wptmp\/wp-content\/uploads\/2022\/02\/ODLUKA-placa-direktor.pdf\">ODLUKA &#8211; pla\u0107a direktor<\/a><\/li><li><a href=\"https:\/\/www.radio-otok-krk.hr\/wptmp\/wp-content\/uploads\/2022\/02\/ODLUKA-naknada-za-topli-obrok.pdf\">ODLUKA &#8211; naknada za topli obrok<\/a><\/li><li><a href=\"https:\/\/www.radio-otok-krk.hr\/wptmp\/wp-content\/uploads\/2022\/02\/ODLUKA-Financijski-plan-2024.pdf\">ODLUKA &#8211; Financijski plan 2024<\/a><\/li><li><a href=\"https:\/\/www.radio-otok-krk.hr\/wptmp\/wp-content\/uploads\/2022\/02\/ODLUKA-verifikacija-zapisnika-25.04.2023..pdf\">ODLUKA &#8211; verifikacija Zapisnika 25.04.2023.<\/a><\/li><li><a href=\"https:\/\/www.radio-otok-krk.hr\/wptmp\/wp-content\/uploads\/2022\/02\/SKUPSTINA-Zapisnik-25.04.2023.pdf\">SKUP\u0160TINA &#8211; Zapisnik 25.04.2023.<\/a><\/li><li><a href=\"https:\/\/www.radio-otok-krk.hr\/wptmp\/wp-content\/uploads\/2022\/02\/SKUPSTINA-Poziv-05.12.2023.pdf\">SKUP\u0160TINA &#8211; Poziv 05.12.2023.<\/a><\/li><li><a href=\"https:\/\/www.radio-otok-krk.hr\/wptmp\/wp-content\/uploads\/2022\/02\/ODLUKA-o-raspodjeli-dobiti-2022.pdf\">ODLUKA &#8211; o raspodjeli dobiti 2022<\/a><\/li><li><a href=\"https:\/\/www.radio-otok-krk.hr\/wptmp\/wp-content\/uploads\/2022\/02\/ODLUKA-o-utvrdivanju-godisnjeg-financijskog-izvjestaja-za-2022.pdf\">ODLUKA &#8211; o utvr\u0111ivanju financijskog izvje\u0161\u0107a 2022<\/a><\/li><li><a href=\"https:\/\/www.radio-otok-krk.hr\/wptmp\/wp-content\/uploads\/2022\/02\/ODLUKA-verifikacija-Zapisnika-17.01.2023..pdf\">ODLUKA &#8211; Verifikacija Zapisnika 17.01.2023.<\/a><\/li><li><a href=\"https:\/\/www.radio-otok-krk.hr\/wptmp\/wp-content\/uploads\/2022\/02\/SKUPSTINA-Zapisnik-17.01.2023.pdf\">SKUP\u0160TINA &#8211; Zapisnik 17.01.2023.<\/a><\/li><li><a href=\"https:\/\/www.radio-otok-krk.hr\/wptmp\/wp-content\/uploads\/2022\/02\/SKUPSTINA-Poziv-25.04.2023.pdf\">SKUP\u0160TINA &#8211; Poziv 25.04.2023.<\/a><\/li><li><a href=\"https:\/\/www.radio-otok-krk.hr\/wptmp\/wp-content\/uploads\/2022\/02\/SKUPSTINA-Poziv-17.01.2023.pdf\">SKUP\u0160TINA &#8211; Poziv 17.01.2023<\/a><\/li><\/ul><\/div>\n\t\t\t\t<\/div>\n\t\t\t\t\t\t\t<div class=\"elementor-toggle-item\">\n\t\t\t\t\t<div id=\"elementor-tab-title-7155\" class=\"elementor-tab-title\" data-tab=\"5\" role=\"button\" aria-controls=\"elementor-tab-content-7155\" aria-expanded=\"false\">\n\t\t\t\t\t\t\t\t\t\t\t\t<span class=\"elementor-toggle-icon elementor-toggle-icon-left\" aria-hidden=\"true\">\n\t\t\t\t\t\t\t\t\t\t\t\t\t\t\t<span class=\"elementor-toggle-icon-closed\"><i class=\"fas fa-caret-right\"><\/i><\/span>\n\t\t\t\t\t\t\t\t<span class=\"elementor-toggle-icon-opened\"><i class=\"elementor-toggle-icon-opened fas fa-caret-up\"><\/i><\/span>\n\t\t\t\t\t\t\t\t\t\t\t\t\t<\/span>\n\t\t\t\t\t\t\t\t\t\t\t\t<a class=\"elementor-toggle-title\" tabindex=\"0\">2022.<\/a>\n\t\t\t\t\t<\/div>\n\n\t\t\t\t\t<div id=\"elementor-tab-content-7155\" class=\"elementor-tab-content elementor-clearfix\" data-tab=\"5\" role=\"region\" aria-labelledby=\"elementor-tab-title-7155\"><p>\u00a0<\/p><ul><li><a href=\"https:\/\/www.radio-otok-krk.hr\/wptmp\/wp-content\/uploads\/2022\/02\/SKUPSTINA-Zapisnik-25.10.2022.pdf\">SKUP\u0160TINA &#8211; Zapisnik 25.10.2022<\/a><\/li><li><a href=\"https:\/\/www.radio-otok-krk.hr\/wptmp\/wp-content\/uploads\/2022\/02\/ODLUKA-predsjednik-Skupstine-2023.pdf\">ODLUKA &#8211; Predsjednik Skup\u0161tine 2023<\/a><\/li><li><a href=\"https:\/\/www.radio-otok-krk.hr\/wptmp\/wp-content\/uploads\/2022\/02\/ODLUKA-Financijski-plan-2023.pdf\">ODLUKA &#8211; Financijski plan 2023<\/a><\/li><li><a href=\"https:\/\/www.radio-otok-krk.hr\/wptmp\/wp-content\/uploads\/2022\/02\/ODLUKA-Financijski-plan-2022-izmjena-i-dopuna.pdf\">ODLUKA &#8211; Financijski plan 2022 izmjena i dopuna<\/a><\/li><li><a href=\"https:\/\/www.radio-otok-krk.hr\/wptmp\/wp-content\/uploads\/2022\/02\/ODLUKA-verifikacija-zapisnika-25.03.2022..pdf\">ODLUKA &#8211; Verifikacija Zapisnika 25.03.2022<\/a><\/li><li><a href=\"https:\/\/www.radio-otok-krk.hr\/wptmp\/wp-content\/uploads\/2022\/02\/SKUPSTINA-Poziv-25.10.2022.pdf\">SKUP\u0160TINA &#8211; Poziv 25.10.2022<\/a><\/li><li><a href=\"https:\/\/www.radio-otok-krk.hr\/wptmp\/wp-content\/uploads\/2022\/02\/SKUPSTINA-Zapisnik-25.03.2022.pdf\">SKUP\u0160TINA &#8211; Zapisnik 25.03.2022<\/a><\/li><li><a href=\"https:\/\/www.radio-otok-krk.hr\/wptmp\/wp-content\/uploads\/2022\/02\/ODLUKA-Raspored-dobiti-iz-2021.-godine.pdf\">ODLUKA &#8211; Raspored dobiti iz 2021<\/a><\/li><li><a href=\"https:\/\/www.radio-otok-krk.hr\/wptmphttps:\/\/www.radio-otok-krk.hr\/wptmp\/wp-content\/uploads\/2022\/02\/ODLUKA-Utvrdivanje-godisnjeg-financijskog-izvjestaja-2021.pdf\/wp-content\/uploads\/2022\/02\/ODLUKA-Utvrdivanje-godisnjeg-financijskog-izvjestaja-2021.pdf\">ODLUKA &#8211; Utvr\u0111ivanje godi\u0161njeg financijskog izvje\u0161taja 2021<\/a><\/li><li><a href=\"https:\/\/www.radio-otok-krk.hr\/wptmp\/wp-content\/uploads\/2022\/02\/ODLUKA-Verifikacija-Zapisnika-30.11.2021.pdf\">ODLUKA &#8211; Verifikacija Zapisnika 30.11.2021.<\/a><\/li><li><a href=\"http:\/\/www.radio-otok-krk.hr\/wptmp\/wp-content\/uploads\/2022\/02\/SKUPSTINA-Poziv-25.03.2022.pdf\">SKUP\u0160TINA &#8211; Poziv 25.03.2022.<\/a><\/li><\/ul><\/div>\n\t\t\t\t<\/div>\n\t\t\t\t\t\t\t<div class=\"elementor-toggle-item\">\n\t\t\t\t\t<div id=\"elementor-tab-title-7156\" class=\"elementor-tab-title\" data-tab=\"6\" role=\"button\" aria-controls=\"elementor-tab-content-7156\" aria-expanded=\"false\">\n\t\t\t\t\t\t\t\t\t\t\t\t<span class=\"elementor-toggle-icon elementor-toggle-icon-left\" aria-hidden=\"true\">\n\t\t\t\t\t\t\t\t\t\t\t\t\t\t\t<span class=\"elementor-toggle-icon-closed\"><i class=\"fas fa-caret-right\"><\/i><\/span>\n\t\t\t\t\t\t\t\t<span class=\"elementor-toggle-icon-opened\"><i class=\"elementor-toggle-icon-opened fas fa-caret-up\"><\/i><\/span>\n\t\t\t\t\t\t\t\t\t\t\t\t\t<\/span>\n\t\t\t\t\t\t\t\t\t\t\t\t<a class=\"elementor-toggle-title\" tabindex=\"0\">2021.<\/a>\n\t\t\t\t\t<\/div>\n\n\t\t\t\t\t<div id=\"elementor-tab-content-7156\" class=\"elementor-tab-content elementor-clearfix\" data-tab=\"6\" role=\"region\" aria-labelledby=\"elementor-tab-title-7156\"><ul><li><a href=\"https:\/\/www.radio-otok-krk.hr\/wptmp\/wp-content\/uploads\/2022\/02\/ZAPISNIK-Skupstina-30.11.2021.pdf\">SKUP\u0160TINA &#8211; Zapisnik 30.11.2021.<\/a><\/li><li><a href=\"http:\/\/www.radio-otok-krk.hr\/wptmp\/wp-content\/uploads\/2022\/02\/ODLUKA-Izbor-predsjednika-Skupstine-za-2022.-godinu.pdf\">ODLUKA &#8211; Izbor predsjednika Skup\u0161tine za 2022. godinu<\/a><\/li><li><a href=\"http:\/\/www.radio-otok-krk.hr\/wptmp\/wp-content\/uploads\/2022\/02\/ODLUKA-Financijski-plan-za-2022..pdf\">ODLUKA &#8211; Financijski plan 2022<\/a><\/li><li><a href=\"http:\/\/www.radio-otok-krk.hr\/wptmp\/wp-content\/uploads\/2022\/02\/ODLUKA-Izvjesce-o-radu-Uprave-za-2021..pdf\">ODLUKA &#8211; Izvje\u0161\u0107e o radu Uprave 2021<\/a><\/li><li><a href=\"http:\/\/www.radio-otok-krk.hr\/wptmp\/wp-content\/uploads\/2022\/02\/ODLUKA-Verifikacija-zapisnika-od-23.09.2021..pdf\">ODLUKA &#8211; Verifikacija zapisnika 23.09.2021.<\/a><\/li><li><a href=\"http:\/\/www.radio-otok-krk.hr\/wptmp\/wp-content\/uploads\/2022\/02\/SKUPSTINA-poziv-30.11.2021.pdf\">SKUP\u0160TINA &#8211; Poziv 30.11.2021.<\/a><\/li><li><a href=\"http:\/\/www.radio-otok-krk.hr\/wptmp\/wp-content\/uploads\/2022\/02\/Zapisnik-23.09.2021.pdf\">SKUP\u0160TINA &#8211; Zapisnik 23.09.2021.<\/a><\/li><li><a href=\"http:\/\/www.radio-otok-krk.hr\/wptmp\/wp-content\/uploads\/2022\/02\/ODLUKA-Izmjena-i-dopuna-Poslovnika-o-radu-Skupstine.pdf\">ODLUKA &#8211; Izmjena i dopuna Poslovnika o radu Skup\u0161tine<\/a><\/li><li><a href=\"http:\/\/www.radio-otok-krk.hr\/wptmp\/wp-content\/uploads\/2022\/02\/ODLUKA-Izmjena-i-dopuna-Financijskog-plana-2021.pdf\">ODLUKA &#8211; Izmjena i dopuna financijskog plana 2021<\/a><\/li><li><a href=\"http:\/\/www.radio-otok-krk.hr\/wptmp\/wp-content\/uploads\/2022\/02\/ODLUKA-Verifikacija-zapisnika-25.03.2021.pdf\">ODLUKA &#8211; Verifikacija zapisnika 25.03.2021.<\/a><\/li><li><a href=\"http:\/\/www.radio-otok-krk.hr\/wptmp\/wp-content\/uploads\/2022\/02\/SKUPSTINA-poziv-23.09.2021.pdf\">SKUP\u0160TINA &#8211; Poziv 23.09.2021.<\/a><\/li><li><a href=\"http:\/\/www.radio-otok-krk.hr\/wptmp\/wp-content\/uploads\/2022\/02\/SKUPSTINA-RADIO-OTOK-KRK-ZAPISNIK-25.03.2021.pdf\">SKUP\u0160TINA &#8211; Zapisnik 25.03.2021.<\/a><\/li><li><a href=\"http:\/\/www.radio-otok-krk.hr\/wptmp\/wp-content\/uploads\/2022\/02\/ODLUKA-o-utvrdivanju-financijskog-izvjesca-za-2020-godinu.pdf\">ODLUKA o utvr\u0111ivanju financijskog izvje\u0161\u0107a za 2020 godinu<\/a><\/li><li><a href=\"http:\/\/www.radio-otok-krk.hr\/wptmp\/wp-content\/uploads\/2022\/02\/ODLUKA-o-rasporedu-gubitka-za-2020-godinu.pdf\">ODLUKA o rasporedu gubitka za 2020 godinu<\/a><\/li><li><a href=\"http:\/\/www.radio-otok-krk.hr\/wptmp\/wp-content\/uploads\/2022\/02\/ODLUKA-verifikacija-zapisnika-22.1.2021-1.pdf\">ODLUKA &#8211; Verifikacija zapisnika 22.01.2021.<\/a><\/li><li><a href=\"http:\/\/www.radio-otok-krk.hr\/wptmp\/wp-content\/uploads\/2022\/02\/SKUPSTINA-Poziv-25.03.2021.pdf\">SKUP\u0160TINA &#8211; Poziv 25.03.2021<\/a><\/li><li><a href=\"http:\/\/www.radio-otok-krk.hr\/wptmp\/wp-content\/uploads\/2022\/02\/Skupstina-Radio-otok-Krk-zapisnik-22.01.2021-1.pdf\">SKUP\u0160TINA &#8211; Zapisnik 22.01.2021.<\/a><\/li><li><a href=\"http:\/\/www.radio-otok-krk.hr\/wptmp\/wp-content\/uploads\/2022\/02\/Odluka-Financijski-plan-za-2021.-godinu.pdf\">ODLUKA &#8211; Financijski plan za 2021. godinu<\/a><\/li><li><a href=\"http:\/\/www.radio-otok-krk.hr\/wptmp\/wp-content\/uploads\/2022\/02\/Odluka-Plan-poslovanja-za-2021.-godinu.pdf\">ODLUKA &#8211; Plan poslovanja za 2021. godinu<\/a><\/li><li><a href=\"http:\/\/www.radio-otok-krk.hr\/wptmp\/wp-content\/uploads\/2022\/02\/Odluka-Izvjesce-o-radu-Uprave-2020..pdf\">ODLUKA &#8211; Izvje\u0161\u0107e o radu Uprave 2020<\/a><\/li><li><a href=\"http:\/\/www.radio-otok-krk.hr\/wptmp\/wp-content\/uploads\/2022\/02\/Odluka-Verifikacija-zapisnika-17.06.2020..pdf\">ODLUKA &#8211; Verifikacija zapisnika 17.06.2020.<\/a><\/li><li><a href=\"http:\/\/www.radio-otok-krk.hr\/wptmp\/wp-content\/uploads\/2022\/02\/SKUPSTINA-poziv-22.01.2021.pdf\">SKUP\u0160TINA &#8211; Poziv 22.01.2021.<\/a><\/li><\/ul><\/div>\n\t\t\t\t<\/div>\n\t\t\t\t\t\t\t<div class=\"elementor-toggle-item\">\n\t\t\t\t\t<div id=\"elementor-tab-title-7157\" class=\"elementor-tab-title\" data-tab=\"7\" role=\"button\" aria-controls=\"elementor-tab-content-7157\" aria-expanded=\"false\">\n\t\t\t\t\t\t\t\t\t\t\t\t<span class=\"elementor-toggle-icon elementor-toggle-icon-left\" aria-hidden=\"true\">\n\t\t\t\t\t\t\t\t\t\t\t\t\t\t\t<span class=\"elementor-toggle-icon-closed\"><i class=\"fas fa-caret-right\"><\/i><\/span>\n\t\t\t\t\t\t\t\t<span class=\"elementor-toggle-icon-opened\"><i class=\"elementor-toggle-icon-opened fas fa-caret-up\"><\/i><\/span>\n\t\t\t\t\t\t\t\t\t\t\t\t\t<\/span>\n\t\t\t\t\t\t\t\t\t\t\t\t<a class=\"elementor-toggle-title\" tabindex=\"0\">Prebacivanje naslova<\/a>\n\t\t\t\t\t<\/div>\n\n\t\t\t\t\t<div id=\"elementor-tab-content-7157\" class=\"elementor-tab-content elementor-clearfix\" data-tab=\"7\" role=\"region\" aria-labelledby=\"elementor-tab-title-7157\"><p>\u00a0<\/p><p>Prebacivanje sadr\u017eaja<\/p><\/div>\n\t\t\t\t<\/div>\n\t\t\t\t\t\t\t\t<\/div>\n\t\t\t\t\t\t<\/div>\n\t\t\t\t<\/div>\n\t\t\t\t\t<\/div>\n\t\t<\/div>\n\t\t\t\t\t<\/div>\n\t\t<\/section>\n\t\t\t\t<\/div>\n\t\t","protected":false},"excerpt":{"rendered":"<p>Skup\u0161tina Radija otok Krk saziva se najmanje dva puta godi\u0161nje, a obavezno po isteku poslovne godine. Po potrebi, Skup\u0161tina se saziva vi\u0161e puta godi\u0161nje, ovisno o planovima i tijeku poslovanja. Skup\u0161tinu \u010dine predstavnici Dru\u0161tava u vlasni\u010dkoj strukturi Radija otok Krk, a Skup\u0161tinu saziva direktor Radija. Odluke, zaklju\u010dke, zapisnike i sve ...<\/p>\n","protected":false},"author":3,"featured_media":0,"parent":0,"menu_order":0,"comment_status":"closed","ping_status":"closed","template":"","meta":{"footnotes":""},"class_list":["post-228","page","type-page","status-publish","hentry"],"_links":{"self":[{"href":"https:\/\/www.radio-otok-krk.hr\/wptmp\/wp-json\/wp\/v2\/pages\/228","targetHints":{"allow":["GET"]}}],"collection":[{"href":"https:\/\/www.radio-otok-krk.hr\/wptmp\/wp-json\/wp\/v2\/pages"}],"about":[{"href":"https:\/\/www.radio-otok-krk.hr\/wptmp\/wp-json\/wp\/v2\/types\/page"}],"author":[{"embeddable":true,"href":"https:\/\/www.radio-otok-krk.hr\/wptmp\/wp-json\/wp\/v2\/users\/3"}],"replies":[{"embeddable":true,"href":"https:\/\/www.radio-otok-krk.hr\/wptmp\/wp-json\/wp\/v2\/comments?post=228"}],"version-history":[{"count":279,"href":"https:\/\/www.radio-otok-krk.hr\/wptmp\/wp-json\/wp\/v2\/pages\/228\/revisions"}],"predecessor-version":[{"id":1219,"href":"https:\/\/www.radio-otok-krk.hr\/wptmp\/wp-json\/wp\/v2\/pages\/228\/revisions\/1219"}],"wp:attachment":[{"href":"https:\/\/www.radio-otok-krk.hr\/wptmp\/wp-json\/wp\/v2\/media?parent=228"}],"curies":[{"name":"wp","href":"https:\/\/api.w.org\/{rel}","templated":true}]}}